{"id":2141,"date":"2023-08-02T13:27:04","date_gmt":"2023-08-02T13:27:04","guid":{"rendered":"https:\/\/asgardbeyond.is\/tours\/"},"modified":"2024-01-25T10:15:53","modified_gmt":"2024-01-25T10:15:53","slug":"leidsagdar-ferdir","status":"publish","type":"page","link":"https:\/\/asgardbeyond.is\/is\/leidsagdar-ferdir\/","title":{"rendered":"Lei\u00f0sag\u00f0ar fer\u00f0ir"},"content":{"rendered":"","protected":false},"excerpt":{"rendered":"","protected":false},"author":1,"featured_media":0,"parent":0,"menu_order":39,"comment_status":"closed","ping_status":"closed","template":"page-elements.php","meta":{"_acf_changed":false,"footnotes":""},"class_list":["post-2141","page","type-page","status-publish","hentry"],"acf":[],"_links":{"self":[{"href":"https:\/\/asgardbeyond.is\/is\/wp-json\/wp\/v2\/pages\/2141","targetHints":{"allow":["GET"]}}],"collection":[{"href":"https:\/\/asgardbeyond.is\/is\/wp-json\/wp\/v2\/pages"}],"about":[{"href":"https:\/\/asgardbeyond.is\/is\/wp-json\/wp\/v2\/types\/page"}],"author":[{"embeddable":true,"href":"https:\/\/asgardbeyond.is\/is\/wp-json\/wp\/v2\/users\/1"}],"replies":[{"embeddable":true,"href":"https:\/\/asgardbeyond.is\/is\/wp-json\/wp\/v2\/comments?post=2141"}],"version-history":[{"count":0,"href":"https:\/\/asgardbeyond.is\/is\/wp-json\/wp\/v2\/pages\/2141\/revisions"}],"wp:attachment":[{"href":"https:\/\/asgardbeyond.is\/is\/wp-json\/wp\/v2\/media?parent=2141"}],"curies":[{"name":"wp","href":"https:\/\/api.w.org\/{rel}","templated":true}]}}