{"id":2306,"date":"2024-01-24T09:54:56","date_gmt":"2024-01-24T09:54:56","guid":{"rendered":"https:\/\/asgardbeyond.is\/?post_type=product&#038;p=2306"},"modified":"2026-01-27T14:17:08","modified_gmt":"2026-01-27T14:17:08","slug":"sveinstindur-fjallaskidi","status":"publish","type":"product","link":"https:\/\/asgardbeyond.is\/is\/ferd\/sveinstindur-fjallaskidi\/","title":{"rendered":"SVEINSTINDUR \u00c1 FJALLASK\u00cd\u00d0UM"},"content":{"rendered":"","protected":false},"excerpt":{"rendered":"","protected":false},"featured_media":2434,"template":"","meta":{"_acf_changed":false,"wds_primary_product_type_cat":0,"wds_primary_product_brand":0,"wds_primary_product_cat":0},"product_brand":[],"product_cat":[200,65],"product_tag":[],"class_list":{"0":"post-2306","1":"product","2":"type-product","3":"status-publish","4":"has-post-thumbnail","6":"product_type_cat-bookable","7":"product_type_cat-only-list-view","8":"product_cat-fjallaskidi-a-islandi","9":"product_cat-fjallaskidi","11":"first","12":"instock","13":"sold-individually","14":"taxable","15":"shipping-taxable","16":"purchasable","17":"product-type-variable","18":"has-default-attributes"},"acf":[],"_links":{"self":[{"href":"https:\/\/asgardbeyond.is\/is\/wp-json\/wp\/v2\/product\/2306","targetHints":{"allow":["GET"]}}],"collection":[{"href":"https:\/\/asgardbeyond.is\/is\/wp-json\/wp\/v2\/product"}],"about":[{"href":"https:\/\/asgardbeyond.is\/is\/wp-json\/wp\/v2\/types\/product"}],"wp:featuredmedia":[{"embeddable":true,"href":"https:\/\/asgardbeyond.is\/is\/wp-json\/wp\/v2\/media\/2434"}],"wp:attachment":[{"href":"https:\/\/asgardbeyond.is\/is\/wp-json\/wp\/v2\/media?parent=2306"}],"wp:term":[{"taxonomy":"product_brand","embeddable":true,"href":"https:\/\/asgardbeyond.is\/is\/wp-json\/wp\/v2\/product_brand?post=2306"},{"taxonomy":"product_cat","embeddable":true,"href":"https:\/\/asgardbeyond.is\/is\/wp-json\/wp\/v2\/product_cat?post=2306"},{"taxonomy":"product_tag","embeddable":true,"href":"https:\/\/asgardbeyond.is\/is\/wp-json\/wp\/v2\/product_tag?post=2306"}],"curies":[{"name":"wp","href":"https:\/\/api.w.org\/{rel}","templated":true}]}}