{"id":2313,"date":"2023-08-28T12:25:51","date_gmt":"2023-08-28T12:25:51","guid":{"rendered":"https:\/\/asgardbeyond.is\/tour\/rock-climbing-reykjavik\/"},"modified":"2024-12-13T09:33:20","modified_gmt":"2024-12-13T09:33:20","slug":"klettaklifur-fra-reykjavik","status":"publish","type":"product","link":"https:\/\/asgardbeyond.is\/is\/ferd\/klettaklifur-fra-reykjavik\/","title":{"rendered":"KLETTAKLIFUR \u00cd N\u00c1GRENNI REYKJAV\u00cdKUR"},"content":{"rendered":"","protected":false},"excerpt":{"rendered":"","protected":false},"featured_media":1587,"template":"","meta":{"_acf_changed":false,"wds_primary_product_type_cat":0,"wds_primary_product_brand":0,"wds_primary_product_cat":0},"product_brand":[],"product_cat":[67],"product_tag":[],"class_list":{"0":"post-2313","1":"product","2":"type-product","3":"status-publish","4":"has-post-thumbnail","6":"product_type_cat-enquiry","7":"product_cat-klifur","9":"first","10":"instock","11":"sold-individually","12":"taxable","13":"shipping-taxable","14":"purchasable","15":"product-type-variable","16":"has-default-attributes"},"acf":[],"_links":{"self":[{"href":"https:\/\/asgardbeyond.is\/is\/wp-json\/wp\/v2\/product\/2313","targetHints":{"allow":["GET"]}}],"collection":[{"href":"https:\/\/asgardbeyond.is\/is\/wp-json\/wp\/v2\/product"}],"about":[{"href":"https:\/\/asgardbeyond.is\/is\/wp-json\/wp\/v2\/types\/product"}],"wp:featuredmedia":[{"embeddable":true,"href":"https:\/\/asgardbeyond.is\/is\/wp-json\/wp\/v2\/media\/1587"}],"wp:attachment":[{"href":"https:\/\/asgardbeyond.is\/is\/wp-json\/wp\/v2\/media?parent=2313"}],"wp:term":[{"taxonomy":"product_brand","embeddable":true,"href":"https:\/\/asgardbeyond.is\/is\/wp-json\/wp\/v2\/product_brand?post=2313"},{"taxonomy":"product_cat","embeddable":true,"href":"https:\/\/asgardbeyond.is\/is\/wp-json\/wp\/v2\/product_cat?post=2313"},{"taxonomy":"product_tag","embeddable":true,"href":"https:\/\/asgardbeyond.is\/is\/wp-json\/wp\/v2\/product_tag?post=2313"}],"curies":[{"name":"wp","href":"https:\/\/api.w.org\/{rel}","templated":true}]}}