{"id":3151,"date":"2024-12-03T15:49:11","date_gmt":"2024-12-03T15:49:11","guid":{"rendered":"https:\/\/asgardbeyond.is\/tour\/moskardshnukar-ski-tour\/"},"modified":"2026-01-27T14:15:59","modified_gmt":"2026-01-27T14:15:59","slug":"moskardshnukar-fjallaskidi","status":"publish","type":"product","link":"https:\/\/asgardbeyond.is\/is\/ferd\/moskardshnukar-fjallaskidi\/","title":{"rendered":"M\u00d3SKAR\u00d0SHN\u00daKAR \u00c1 FJALLASK\u00cd\u00d0UM"},"content":{"rendered":"","protected":false},"excerpt":{"rendered":"","protected":false},"featured_media":1748,"template":"","meta":{"_acf_changed":false,"wds_primary_product_type_cat":0,"wds_primary_product_brand":0,"wds_primary_product_cat":0},"product_brand":[],"product_cat":[65,200],"product_tag":[],"class_list":{"0":"post-3151","1":"product","2":"type-product","3":"status-publish","4":"has-post-thumbnail","6":"product_type_cat-bookable","7":"product_cat-fjallaskidi","8":"product_cat-fjallaskidi-a-islandi","10":"first","11":"instock","12":"taxable","13":"shipping-taxable","14":"purchasable","15":"product-type-variable"},"acf":[],"_links":{"self":[{"href":"https:\/\/asgardbeyond.is\/is\/wp-json\/wp\/v2\/product\/3151","targetHints":{"allow":["GET"]}}],"collection":[{"href":"https:\/\/asgardbeyond.is\/is\/wp-json\/wp\/v2\/product"}],"about":[{"href":"https:\/\/asgardbeyond.is\/is\/wp-json\/wp\/v2\/types\/product"}],"wp:featuredmedia":[{"embeddable":true,"href":"https:\/\/asgardbeyond.is\/is\/wp-json\/wp\/v2\/media\/1748"}],"wp:attachment":[{"href":"https:\/\/asgardbeyond.is\/is\/wp-json\/wp\/v2\/media?parent=3151"}],"wp:term":[{"taxonomy":"product_brand","embeddable":true,"href":"https:\/\/asgardbeyond.is\/is\/wp-json\/wp\/v2\/product_brand?post=3151"},{"taxonomy":"product_cat","embeddable":true,"href":"https:\/\/asgardbeyond.is\/is\/wp-json\/wp\/v2\/product_cat?post=3151"},{"taxonomy":"product_tag","embeddable":true,"href":"https:\/\/asgardbeyond.is\/is\/wp-json\/wp\/v2\/product_tag?post=3151"}],"curies":[{"name":"wp","href":"https:\/\/api.w.org\/{rel}","templated":true}]}}