{"id":4000,"date":"2026-03-06T11:03:54","date_gmt":"2026-03-06T11:03:54","guid":{"rendered":"https:\/\/asgardbeyond.is\/?post_type=product&#038;p=4000"},"modified":"2026-03-06T11:34:32","modified_gmt":"2026-03-06T11:34:32","slug":"sveinstindur-a-fjallaskidum-copy","status":"publish","type":"product","link":"https:\/\/asgardbeyond.is\/is\/ferd\/sveinstindur-a-fjallaskidum-copy\/","title":{"rendered":"SVEINSTINDUR \u00c1 FJALLASK\u00cd\u00d0UM (Copy)"},"content":{"rendered":"","protected":false},"excerpt":{"rendered":"","protected":false},"featured_media":4004,"template":"","meta":{"_acf_changed":false,"wds_primary_product_type_cat":0,"wds_primary_product_brand":0,"wds_primary_product_cat":0},"product_brand":[],"product_cat":[197,67],"product_tag":[],"class_list":{"0":"post-4000","1":"product","2":"type-product","3":"status-publish","4":"has-post-thumbnail","6":"product_cat-alpaklifur","7":"product_cat-klifur","9":"first","10":"instock","11":"sold-individually","12":"taxable","13":"shipping-taxable","14":"purchasable","15":"product-type-variable"},"acf":[],"_links":{"self":[{"href":"https:\/\/asgardbeyond.is\/is\/wp-json\/wp\/v2\/product\/4000","targetHints":{"allow":["GET"]}}],"collection":[{"href":"https:\/\/asgardbeyond.is\/is\/wp-json\/wp\/v2\/product"}],"about":[{"href":"https:\/\/asgardbeyond.is\/is\/wp-json\/wp\/v2\/types\/product"}],"wp:featuredmedia":[{"embeddable":true,"href":"https:\/\/asgardbeyond.is\/is\/wp-json\/wp\/v2\/media\/4004"}],"wp:attachment":[{"href":"https:\/\/asgardbeyond.is\/is\/wp-json\/wp\/v2\/media?parent=4000"}],"wp:term":[{"taxonomy":"product_brand","embeddable":true,"href":"https:\/\/asgardbeyond.is\/is\/wp-json\/wp\/v2\/product_brand?post=4000"},{"taxonomy":"product_cat","embeddable":true,"href":"https:\/\/asgardbeyond.is\/is\/wp-json\/wp\/v2\/product_cat?post=4000"},{"taxonomy":"product_tag","embeddable":true,"href":"https:\/\/asgardbeyond.is\/is\/wp-json\/wp\/v2\/product_tag?post=4000"}],"curies":[{"name":"wp","href":"https:\/\/api.w.org\/{rel}","templated":true}]}}